{"id":199,"date":"2021-08-30T12:11:32","date_gmt":"2021-08-30T10:11:32","guid":{"rendered":"http:\/\/alexandrebernhardt.fr\/?page_id=199"},"modified":"2025-09-29T10:26:12","modified_gmt":"2025-09-29T08:26:12","slug":"formations","status":"publish","type":"page","link":"https:\/\/alexandrebernhardt.fr\/index.php\/formations\/","title":{"rendered":"Proposition p\u00e9dagogique"},"content":{"rendered":"\n<ul class=\"wp-block-list\">\n<li>Art dramatique<\/li>\n\n\n\n<li>Prise de parole en public<\/li>\n\n\n\n<li>Structuration de r\u00e9cit<\/li>\n<\/ul>\n\n\n\n<p>P\u00e9dagogue depuis plus de quinze ans, j&#8217;ai aid\u00e9 des centaines de personnes \u00e0 s&#8217;exprimer devant un public. Je travaille \u00e9tapes par \u00e9tapes en d\u00e9composant tous les \u00e9l\u00e9ments qui fa\u00e7onnent le discours, de fa\u00e7on tr\u00e8s pragmatique. Cofondateur de l\u2019\u00c9cole de Th\u00e9\u00e2tre Universelle, je forme \u00e9galement des com\u00e9diens et des com\u00e9diennes \u00e0 devenir professionnels.<\/p>\n\n\n\n<ul class=\"wp-block-list\">\n<li>Orateurs en qu\u00eate d&#8217;\u00e9loquence<\/li>\n\n\n\n<li>Artistes \u00e0 la recherche d&#8217;outils m\u00e9thodologiques<\/li>\n<\/ul>\n\n\n\n<p>Mon enseignement s&#8217;appuie sur ma croyance profonde que chacun poss\u00e8de d\u00e9j\u00e0 tout ce qu&#8217;il faut pour r\u00e9ussir. Il existe des outils et des techniques pour accepter et d\u00e9voiler sa nature profonde avec aisance.<\/p>\n\n\n\n<ul class=\"wp-block-list\">\n<li>Interventions aupr\u00e8s de cadres dans les entreprises<\/li>\n\n\n\n<li>Modules de prise de parole en public dans l&#8217;enseignement sup\u00e9rieur<\/li>\n\n\n\n<li>Accompagnement \u00e0 l&#8217;\u00e9criture et \u00e0 la pr\u00e9sentation d&#8217;une \u0153uvre<\/li>\n<\/ul>\n\n\n\n<p>Je me tiens \u00e0 votre disposition,<\/p>\n\n\n\n<p>Alexandre<\/p>\n\n\n\n<p><\/p>\n\n\n\n<p><\/p>\n\n\n\n<p><\/p>\n\n\n\n<p><\/p>\n\n\n\n<div class=\"wp-block-columns is-layout-flex wp-container-core-columns-is-layout-1 wp-block-columns-is-layout-flex\">\n<div class=\"wp-block-column is-layout-flow wp-block-column-is-layout-flow\"><div class=\"wp-block-image\">\n<figure class=\"aligncenter size-full\"><img decoding=\"async\" width=\"313\" height=\"76\" src=\"http:\/\/alexandrebernhardt.fr\/wp-content\/uploads\/2025\/09\/logo-Universite-Jean-Jaures.png\" alt=\"\" class=\"wp-image-504\" srcset=\"https:\/\/alexandrebernhardt.fr\/wp-content\/uploads\/2025\/09\/logo-Universite-Jean-Jaures.png 313w, https:\/\/alexandrebernhardt.fr\/wp-content\/uploads\/2025\/09\/logo-Universite-Jean-Jaures-300x73.png 300w\" sizes=\"(max-width: 313px) 100vw, 313px\" \/><\/figure><\/div><\/div>\n\n\n\n<div class=\"wp-block-column is-layout-flow wp-block-column-is-layout-flow\"><div class=\"wp-block-image\">\n<figure class=\"aligncenter size-large is-resized\"><img fetchpriority=\"high\" decoding=\"async\" width=\"1024\" height=\"551\" src=\"http:\/\/alexandrebernhardt.fr\/wp-content\/uploads\/2025\/09\/logo-mines-1024x551.jpg\" alt=\"\" class=\"wp-image-506\" style=\"width:255px;height:auto\" srcset=\"https:\/\/alexandrebernhardt.fr\/wp-content\/uploads\/2025\/09\/logo-mines-1024x551.jpg 1024w, https:\/\/alexandrebernhardt.fr\/wp-content\/uploads\/2025\/09\/logo-mines-300x162.jpg 300w, https:\/\/alexandrebernhardt.fr\/wp-content\/uploads\/2025\/09\/logo-mines-768x413.jpg 768w, https:\/\/alexandrebernhardt.fr\/wp-content\/uploads\/2025\/09\/logo-mines.jpg 1200w\" sizes=\"(max-width: 1024px) 100vw, 1024px\" \/><\/figure><\/div><\/div>\n\n\n\n<div class=\"wp-block-column is-layout-flow wp-block-column-is-layout-flow\"><div class=\"wp-block-image\">\n<figure class=\"aligncenter size-full is-resized\"><img decoding=\"async\" width=\"242\" height=\"172\" src=\"http:\/\/alexandrebernhardt.fr\/wp-content\/uploads\/2025\/09\/Logo_Icd_Igensia-1.jpg\" alt=\"\" class=\"wp-image-507\" style=\"width:194px;height:auto\"\/><\/figure><\/div><\/div>\n<\/div>\n\n\n\n<div class=\"wp-block-columns is-layout-flex wp-container-core-columns-is-layout-2 wp-block-columns-is-layout-flex\">\n<div class=\"wp-block-column is-layout-flow wp-block-column-is-layout-flow\"><div class=\"wp-block-image\">\n<figure class=\"aligncenter size-full is-resized\"><img loading=\"lazy\" decoding=\"async\" width=\"300\" height=\"142\" src=\"http:\/\/alexandrebernhardt.fr\/wp-content\/uploads\/2025\/09\/LOGO-ETU-blanc-1-300x142-1.png\" alt=\"\" class=\"wp-image-508\" style=\"width:224px;height:auto\"\/><\/figure><\/div><\/div>\n\n\n\n<div class=\"wp-block-column is-layout-flow wp-block-column-is-layout-flow\"><div class=\"wp-block-image\">\n<figure class=\"aligncenter size-full is-resized\"><img loading=\"lazy\" decoding=\"async\" width=\"400\" height=\"400\" src=\"http:\/\/alexandrebernhardt.fr\/wp-content\/uploads\/2025\/09\/ICT-logo.png\" alt=\"\" class=\"wp-image-511\" style=\"width:126px;height:auto\" srcset=\"https:\/\/alexandrebernhardt.fr\/wp-content\/uploads\/2025\/09\/ICT-logo.png 400w, https:\/\/alexandrebernhardt.fr\/wp-content\/uploads\/2025\/09\/ICT-logo-300x300.png 300w, https:\/\/alexandrebernhardt.fr\/wp-content\/uploads\/2025\/09\/ICT-logo-150x150.png 150w\" sizes=\"(max-width: 400px) 100vw, 400px\" \/><\/figure><\/div><\/div>\n\n\n\n<div class=\"wp-block-column is-layout-flow wp-block-column-is-layout-flow\"><div class=\"wp-block-image\">\n<figure class=\"aligncenter size-full is-resized\"><img loading=\"lazy\" decoding=\"async\" width=\"1441\" height=\"1441\" src=\"http:\/\/alexandrebernhardt.fr\/wp-content\/uploads\/2024\/06\/TSMsquare.png\" alt=\"\" class=\"wp-image-370\" style=\"width:100px;height:auto\" srcset=\"https:\/\/alexandrebernhardt.fr\/wp-content\/uploads\/2024\/06\/TSMsquare.png 1441w, https:\/\/alexandrebernhardt.fr\/wp-content\/uploads\/2024\/06\/TSMsquare-300x300.png 300w, https:\/\/alexandrebernhardt.fr\/wp-content\/uploads\/2024\/06\/TSMsquare-1024x1024.png 1024w, https:\/\/alexandrebernhardt.fr\/wp-content\/uploads\/2024\/06\/TSMsquare-150x150.png 150w, https:\/\/alexandrebernhardt.fr\/wp-content\/uploads\/2024\/06\/TSMsquare-768x768.png 768w\" sizes=\"(max-width: 1441px) 100vw, 1441px\" \/><\/figure><\/div><\/div>\n<\/div>\n\n\n\n<div class=\"wp-block-columns is-layout-flex wp-container-core-columns-is-layout-3 wp-block-columns-is-layout-flex\">\n<div class=\"wp-block-column is-layout-flow wp-block-column-is-layout-flow\"><div class=\"wp-block-image\">\n<figure class=\"aligncenter size-full is-resized\"><img loading=\"lazy\" decoding=\"async\" width=\"500\" height=\"382\" src=\"https:\/\/alexandrebernhardt.fr\/wp-content\/uploads\/2025\/09\/logo2017-IVT-1.png\" alt=\"\" class=\"wp-image-516\" style=\"width:128px;height:auto\" srcset=\"https:\/\/alexandrebernhardt.fr\/wp-content\/uploads\/2025\/09\/logo2017-IVT-1.png 500w, https:\/\/alexandrebernhardt.fr\/wp-content\/uploads\/2025\/09\/logo2017-IVT-1-300x229.png 300w\" sizes=\"(max-width: 500px) 100vw, 500px\" \/><\/figure><\/div><\/div>\n\n\n\n<div class=\"wp-block-column is-layout-flow wp-block-column-is-layout-flow\"><div class=\"wp-block-image\">\n<figure class=\"aligncenter size-full is-resized\"><img loading=\"lazy\" decoding=\"async\" width=\"500\" height=\"488\" src=\"https:\/\/alexandrebernhardt.fr\/wp-content\/uploads\/2025\/09\/logo-theatre-du-grand-rond.gif\" alt=\"\" class=\"wp-image-517\" style=\"width:110px;height:auto\"\/><\/figure><\/div><\/div>\n\n\n\n<div class=\"wp-block-column is-layout-flow wp-block-column-is-layout-flow\"><div class=\"wp-block-image\">\n<figure class=\"aligncenter size-full is-resized\"><img loading=\"lazy\" decoding=\"async\" width=\"390\" height=\"390\" src=\"http:\/\/alexandrebernhardt.fr\/wp-content\/uploads\/2025\/09\/pt-logo-33mm-copie-TRUE-DARK.png\" alt=\"\" class=\"wp-image-531\" style=\"width:106px;height:auto\" srcset=\"https:\/\/alexandrebernhardt.fr\/wp-content\/uploads\/2025\/09\/pt-logo-33mm-copie-TRUE-DARK.png 390w, https:\/\/alexandrebernhardt.fr\/wp-content\/uploads\/2025\/09\/pt-logo-33mm-copie-TRUE-DARK-300x300.png 300w, https:\/\/alexandrebernhardt.fr\/wp-content\/uploads\/2025\/09\/pt-logo-33mm-copie-TRUE-DARK-150x150.png 150w\" sizes=\"(max-width: 390px) 100vw, 390px\" \/><\/figure><\/div><\/div>\n<\/div>\n\n\n\n<div class=\"wp-block-columns is-layout-flex wp-container-core-columns-is-layout-4 wp-block-columns-is-layout-flex\">\n<div class=\"wp-block-column is-layout-flow wp-block-column-is-layout-flow\"><div class=\"wp-block-image\">\n<figure class=\"aligncenter size-full is-resized\"><img loading=\"lazy\" decoding=\"async\" width=\"218\" height=\"55\" src=\"https:\/\/alexandrebernhardt.fr\/wp-content\/uploads\/2025\/09\/LogoTDU-panoramique-large_font-wp3.png\" alt=\"\" class=\"wp-image-522\" style=\"width:250px;height:auto\"\/><\/figure><\/div><\/div>\n\n\n\n<div class=\"wp-block-column is-layout-flow wp-block-column-is-layout-flow\"><div class=\"wp-block-image\">\n<figure class=\"aligncenter size-large is-resized\"><img loading=\"lazy\" decoding=\"async\" width=\"1024\" height=\"329\" src=\"https:\/\/alexandrebernhardt.fr\/wp-content\/uploads\/2025\/09\/02_Afdas_Signature-1024x329.png\" alt=\"\" class=\"wp-image-521\" style=\"width:174px;height:auto\" srcset=\"https:\/\/alexandrebernhardt.fr\/wp-content\/uploads\/2025\/09\/02_Afdas_Signature-1024x329.png 1024w, https:\/\/alexandrebernhardt.fr\/wp-content\/uploads\/2025\/09\/02_Afdas_Signature-300x96.png 300w, https:\/\/alexandrebernhardt.fr\/wp-content\/uploads\/2025\/09\/02_Afdas_Signature-768x246.png 768w, https:\/\/alexandrebernhardt.fr\/wp-content\/uploads\/2025\/09\/02_Afdas_Signature.png 1412w\" sizes=\"(max-width: 1024px) 100vw, 1024px\" \/><\/figure><\/div><\/div>\n\n\n\n<div class=\"wp-block-column is-layout-flow wp-block-column-is-layout-flow\"><div class=\"wp-block-image\">\n<figure class=\"aligncenter size-full\"><img loading=\"lazy\" decoding=\"async\" width=\"214\" height=\"75\" src=\"http:\/\/alexandrebernhardt.fr\/wp-content\/uploads\/2025\/09\/logo-CL-.png\" alt=\"\" class=\"wp-image-510\"\/><\/figure><\/div><\/div>\n<\/div>\n\n\n\n<figure class=\"wp-block-image size-large\"><img loading=\"lazy\" decoding=\"async\" width=\"1024\" height=\"681\" src=\"http:\/\/alexandrebernhardt.fr\/wp-content\/uploads\/2021\/08\/DSC_0317-1024x681.jpg\" alt=\"\" class=\"wp-image-207\" srcset=\"https:\/\/alexandrebernhardt.fr\/wp-content\/uploads\/2021\/08\/DSC_0317-1024x681.jpg 1024w, https:\/\/alexandrebernhardt.fr\/wp-content\/uploads\/2021\/08\/DSC_0317-300x200.jpg 300w, https:\/\/alexandrebernhardt.fr\/wp-content\/uploads\/2021\/08\/DSC_0317-768x511.jpg 768w, https:\/\/alexandrebernhardt.fr\/wp-content\/uploads\/2021\/08\/DSC_0317-1536x1022.jpg 1536w, https:\/\/alexandrebernhardt.fr\/wp-content\/uploads\/2021\/08\/DSC_0317-2048x1363.jpg 2048w, https:\/\/alexandrebernhardt.fr\/wp-content\/uploads\/2021\/08\/DSC_0317-500x333.jpg 500w, https:\/\/alexandrebernhardt.fr\/wp-content\/uploads\/2021\/08\/DSC_0317-800x532.jpg 800w, https:\/\/alexandrebernhardt.fr\/wp-content\/uploads\/2021\/08\/DSC_0317-1280x852.jpg 1280w, https:\/\/alexandrebernhardt.fr\/wp-content\/uploads\/2021\/08\/DSC_0317-1920x1277.jpg 1920w\" sizes=\"(max-width: 1024px) 100vw, 1024px\" \/><\/figure>\n\n\n\n<p class=\"has-large-font-size\"><\/p>\n\n\n\n<p><\/p>\n","protected":false},"excerpt":{"rendered":"<p>P\u00e9dagogue depuis plus de quinze ans, j&#8217;ai aid\u00e9 des centaines de personnes \u00e0 s&#8217;exprimer devant un public. Je travaille \u00e9tapes par \u00e9tapes en d\u00e9composant tous les \u00e9l\u00e9ments qui fa\u00e7onnent le discours, de fa\u00e7on tr\u00e8s pragmatique. Cofondateur de l\u2019\u00c9cole de Th\u00e9\u00e2tre Universelle, je forme \u00e9galement des com\u00e9diens et des com\u00e9diennes \u00e0 devenir professionnels. Mon enseignement s&#8217;appuie [&hellip;]<\/p>\n","protected":false},"author":1,"featured_media":264,"parent":0,"menu_order":0,"comment_status":"closed","ping_status":"closed","template":"","meta":{"footnotes":""},"class_list":["post-199","page","type-page","status-publish","has-post-thumbnail","hentry"],"_links":{"self":[{"href":"https:\/\/alexandrebernhardt.fr\/index.php\/wp-json\/wp\/v2\/pages\/199","targetHints":{"allow":["GET"]}}],"collection":[{"href":"https:\/\/alexandrebernhardt.fr\/index.php\/wp-json\/wp\/v2\/pages"}],"about":[{"href":"https:\/\/alexandrebernhardt.fr\/index.php\/wp-json\/wp\/v2\/types\/page"}],"author":[{"embeddable":true,"href":"https:\/\/alexandrebernhardt.fr\/index.php\/wp-json\/wp\/v2\/users\/1"}],"replies":[{"embeddable":true,"href":"https:\/\/alexandrebernhardt.fr\/index.php\/wp-json\/wp\/v2\/comments?post=199"}],"version-history":[{"count":50,"href":"https:\/\/alexandrebernhardt.fr\/index.php\/wp-json\/wp\/v2\/pages\/199\/revisions"}],"predecessor-version":[{"id":552,"href":"https:\/\/alexandrebernhardt.fr\/index.php\/wp-json\/wp\/v2\/pages\/199\/revisions\/552"}],"wp:featuredmedia":[{"embeddable":true,"href":"https:\/\/alexandrebernhardt.fr\/index.php\/wp-json\/wp\/v2\/media\/264"}],"wp:attachment":[{"href":"https:\/\/alexandrebernhardt.fr\/index.php\/wp-json\/wp\/v2\/media?parent=199"}],"curies":[{"name":"wp","href":"https:\/\/api.w.org\/{rel}","templated":true}]}}